{"id":42,"date":"2023-06-12T15:15:46","date_gmt":"2023-06-12T13:15:46","guid":{"rendered":"http:\/\/jardineriedespreaux.be\/?page_id=42"},"modified":"2023-09-23T12:36:38","modified_gmt":"2023-09-23T10:36:38","slug":"jardinerie","status":"publish","type":"page","link":"https:\/\/jardineriedespreaux.be\/?page_id=42","title":{"rendered":"Jardinerie"},"content":{"rendered":"\n<h2 class=\"wp-block-heading\">La serre<\/h2>\n\n\n\n<figure class=\"wp-block-gallery has-nested-images columns-default is-cropped wp-block-gallery-1 is-layout-flex wp-block-gallery-is-layout-flex\">\n<figure class=\"wp-block-image size-large has-custom-border\"><img loading=\"lazy\" decoding=\"async\" width=\"848\" height=\"1024\" data-id=\"70\" src=\"https:\/\/jardineriedespreaux.be\/wp-content\/uploads\/2023\/06\/JARDINERIE-848x1024.jpg\" alt=\"\" class=\"wp-image-70\" style=\"border-width:3px;border-radius:40px\" srcset=\"https:\/\/jardineriedespreaux.be\/wp-content\/uploads\/2023\/06\/JARDINERIE-848x1024.jpg 848w, https:\/\/jardineriedespreaux.be\/wp-content\/uploads\/2023\/06\/JARDINERIE-248x300.jpg 248w, https:\/\/jardineriedespreaux.be\/wp-content\/uploads\/2023\/06\/JARDINERIE-768x927.jpg 768w, https:\/\/jardineriedespreaux.be\/wp-content\/uploads\/2023\/06\/JARDINERIE-1272x1536.jpg 1272w, https:\/\/jardineriedespreaux.be\/wp-content\/uploads\/2023\/06\/JARDINERIE.jpg 1644w\" sizes=\"auto, (max-width: 848px) 100vw, 848px\" \/><\/figure>\n\n\n\n<figure class=\"wp-block-image size-large\"><img loading=\"lazy\" decoding=\"async\" width=\"1024\" height=\"577\" data-id=\"148\" src=\"https:\/\/jardineriedespreaux.be\/wp-content\/uploads\/2023\/09\/20230516_112042_resized-1-1024x577.jpg\" alt=\"\" class=\"wp-image-148\" srcset=\"https:\/\/jardineriedespreaux.be\/wp-content\/uploads\/2023\/09\/20230516_112042_resized-1-1024x577.jpg 1024w, https:\/\/jardineriedespreaux.be\/wp-content\/uploads\/2023\/09\/20230516_112042_resized-1-300x169.jpg 300w, https:\/\/jardineriedespreaux.be\/wp-content\/uploads\/2023\/09\/20230516_112042_resized-1-768x432.jpg 768w, https:\/\/jardineriedespreaux.be\/wp-content\/uploads\/2023\/09\/20230516_112042_resized-1.jpg 1156w\" sizes=\"auto, (max-width: 1024px) 100vw, 1024px\" \/><\/figure>\n\n\n\n<figure class=\"wp-block-image size-large\"><img loading=\"lazy\" decoding=\"async\" width=\"577\" height=\"1024\" data-id=\"169\" src=\"https:\/\/jardineriedespreaux.be\/wp-content\/uploads\/2023\/09\/20230803_120456-577x1024.jpg\" alt=\"\" class=\"wp-image-169\" srcset=\"https:\/\/jardineriedespreaux.be\/wp-content\/uploads\/2023\/09\/20230803_120456-577x1024.jpg 577w, https:\/\/jardineriedespreaux.be\/wp-content\/uploads\/2023\/09\/20230803_120456-169x300.jpg 169w, https:\/\/jardineriedespreaux.be\/wp-content\/uploads\/2023\/09\/20230803_120456-768x1364.jpg 768w, https:\/\/jardineriedespreaux.be\/wp-content\/uploads\/2023\/09\/20230803_120456-865x1536.jpg 865w, https:\/\/jardineriedespreaux.be\/wp-content\/uploads\/2023\/09\/20230803_120456-1153x2048.jpg 1153w, https:\/\/jardineriedespreaux.be\/wp-content\/uploads\/2023\/09\/20230803_120456-scaled.jpg 1442w\" sizes=\"auto, (max-width: 577px) 100vw, 577px\" \/><\/figure>\n<\/figure>\n\n\n\n<h2 class=\"wp-block-heading\">Semences<\/h2>\n\n\n\n<figure class=\"wp-block-image size-large\"><img loading=\"lazy\" decoding=\"async\" width=\"1024\" height=\"576\" src=\"https:\/\/jardineriedespreaux.be\/wp-content\/uploads\/2023\/09\/20230923_122913-1-1024x576.jpg\" alt=\"\" class=\"wp-image-168\" srcset=\"https:\/\/jardineriedespreaux.be\/wp-content\/uploads\/2023\/09\/20230923_122913-1-1024x576.jpg 1024w, https:\/\/jardineriedespreaux.be\/wp-content\/uploads\/2023\/09\/20230923_122913-1-300x169.jpg 300w, https:\/\/jardineriedespreaux.be\/wp-content\/uploads\/2023\/09\/20230923_122913-1-768x432.jpg 768w, https:\/\/jardineriedespreaux.be\/wp-content\/uploads\/2023\/09\/20230923_122913-1-1536x864.jpg 1536w, https:\/\/jardineriedespreaux.be\/wp-content\/uploads\/2023\/09\/20230923_122913-1-2048x1152.jpg 2048w\" sizes=\"auto, (max-width: 1024px) 100vw, 1024px\" \/><\/figure>\n\n\n\n<div class=\"wp-block-group is-layout-constrained wp-block-group-is-layout-constrained\">\n<div class=\"wp-block-columns is-layout-flex wp-container-core-columns-is-layout-28f84493 wp-block-columns-is-layout-flex\">\n<div class=\"wp-block-column is-layout-flow wp-block-column-is-layout-flow\" style=\"flex-basis:100%\">\n<div class=\"wp-block-group is-layout-constrained wp-block-group-is-layout-constrained\">\n<figure class=\"wp-block-gallery has-nested-images columns-default is-cropped wp-block-gallery-2 is-layout-flex wp-block-gallery-is-layout-flex\">\n<figure class=\"wp-block-image size-large\"><img loading=\"lazy\" decoding=\"async\" width=\"576\" height=\"1024\" data-id=\"166\" src=\"https:\/\/jardineriedespreaux.be\/wp-content\/uploads\/2023\/09\/20230923_122924-576x1024.jpg\" alt=\"\" class=\"wp-image-166\" srcset=\"https:\/\/jardineriedespreaux.be\/wp-content\/uploads\/2023\/09\/20230923_122924-576x1024.jpg 576w, https:\/\/jardineriedespreaux.be\/wp-content\/uploads\/2023\/09\/20230923_122924-169x300.jpg 169w, https:\/\/jardineriedespreaux.be\/wp-content\/uploads\/2023\/09\/20230923_122924-768x1365.jpg 768w, https:\/\/jardineriedespreaux.be\/wp-content\/uploads\/2023\/09\/20230923_122924-864x1536.jpg 864w, https:\/\/jardineriedespreaux.be\/wp-content\/uploads\/2023\/09\/20230923_122924-1152x2048.jpg 1152w, https:\/\/jardineriedespreaux.be\/wp-content\/uploads\/2023\/09\/20230923_122924-scaled.jpg 1440w\" sizes=\"auto, (max-width: 576px) 100vw, 576px\" \/><\/figure>\n\n\n\n<figure class=\"wp-block-image size-large\"><img loading=\"lazy\" decoding=\"async\" width=\"576\" height=\"1024\" data-id=\"165\" src=\"https:\/\/jardineriedespreaux.be\/wp-content\/uploads\/2023\/09\/20230923_122927-576x1024.jpg\" alt=\"\" class=\"wp-image-165\" srcset=\"https:\/\/jardineriedespreaux.be\/wp-content\/uploads\/2023\/09\/20230923_122927-576x1024.jpg 576w, https:\/\/jardineriedespreaux.be\/wp-content\/uploads\/2023\/09\/20230923_122927-169x300.jpg 169w, https:\/\/jardineriedespreaux.be\/wp-content\/uploads\/2023\/09\/20230923_122927-768x1365.jpg 768w, https:\/\/jardineriedespreaux.be\/wp-content\/uploads\/2023\/09\/20230923_122927-864x1536.jpg 864w, https:\/\/jardineriedespreaux.be\/wp-content\/uploads\/2023\/09\/20230923_122927-1152x2048.jpg 1152w, https:\/\/jardineriedespreaux.be\/wp-content\/uploads\/2023\/09\/20230923_122927-scaled.jpg 1440w\" sizes=\"auto, (max-width: 576px) 100vw, 576px\" \/><\/figure>\n<\/figure>\n<\/div>\n<\/div>\n<\/div>\n<\/div>\n\n\n\n<h2 class=\"wp-block-heading\">Engrais et Terreaux <\/h2>\n\n\n\n<figure class=\"wp-block-gallery has-nested-images columns-default is-cropped wp-block-gallery-3 is-layout-flex wp-block-gallery-is-layout-flex\">\n<figure class=\"wp-block-image size-large\"><img loading=\"lazy\" decoding=\"async\" width=\"1000\" height=\"562\" data-id=\"156\" src=\"https:\/\/jardineriedespreaux.be\/wp-content\/uploads\/2023\/09\/20230516_112209_resized-1.jpg\" alt=\"\" class=\"wp-image-156\" srcset=\"https:\/\/jardineriedespreaux.be\/wp-content\/uploads\/2023\/09\/20230516_112209_resized-1.jpg 1000w, https:\/\/jardineriedespreaux.be\/wp-content\/uploads\/2023\/09\/20230516_112209_resized-1-300x169.jpg 300w, https:\/\/jardineriedespreaux.be\/wp-content\/uploads\/2023\/09\/20230516_112209_resized-1-768x432.jpg 768w\" sizes=\"auto, (max-width: 1000px) 100vw, 1000px\" \/><\/figure>\n\n\n\n<figure class=\"wp-block-image size-large\"><img loading=\"lazy\" decoding=\"async\" width=\"563\" height=\"999\" data-id=\"155\" src=\"https:\/\/jardineriedespreaux.be\/wp-content\/uploads\/2023\/09\/20230516_112226_resized-1.jpg\" alt=\"\" class=\"wp-image-155\" srcset=\"https:\/\/jardineriedespreaux.be\/wp-content\/uploads\/2023\/09\/20230516_112226_resized-1.jpg 563w, https:\/\/jardineriedespreaux.be\/wp-content\/uploads\/2023\/09\/20230516_112226_resized-1-169x300.jpg 169w\" sizes=\"auto, (max-width: 563px) 100vw, 563px\" \/><\/figure>\n\n\n\n<figure class=\"wp-block-image size-large\"><img loading=\"lazy\" decoding=\"async\" width=\"1024\" height=\"576\" data-id=\"158\" src=\"https:\/\/jardineriedespreaux.be\/wp-content\/uploads\/2023\/09\/20230609_172217-1-1024x576.jpg\" alt=\"\" class=\"wp-image-158\" srcset=\"https:\/\/jardineriedespreaux.be\/wp-content\/uploads\/2023\/09\/20230609_172217-1-1024x576.jpg 1024w, https:\/\/jardineriedespreaux.be\/wp-content\/uploads\/2023\/09\/20230609_172217-1-300x169.jpg 300w, https:\/\/jardineriedespreaux.be\/wp-content\/uploads\/2023\/09\/20230609_172217-1-768x432.jpg 768w, https:\/\/jardineriedespreaux.be\/wp-content\/uploads\/2023\/09\/20230609_172217-1-1536x864.jpg 1536w, https:\/\/jardineriedespreaux.be\/wp-content\/uploads\/2023\/09\/20230609_172217-1-2048x1152.jpg 2048w\" sizes=\"auto, (max-width: 1024px) 100vw, 1024px\" \/><\/figure>\n\n\n\n<figure class=\"wp-block-image size-large\"><img loading=\"lazy\" decoding=\"async\" width=\"1024\" height=\"576\" data-id=\"157\" src=\"https:\/\/jardineriedespreaux.be\/wp-content\/uploads\/2023\/09\/20230609_172225-1-1024x576.jpg\" alt=\"\" class=\"wp-image-157\" srcset=\"https:\/\/jardineriedespreaux.be\/wp-content\/uploads\/2023\/09\/20230609_172225-1-1024x576.jpg 1024w, https:\/\/jardineriedespreaux.be\/wp-content\/uploads\/2023\/09\/20230609_172225-1-300x169.jpg 300w, https:\/\/jardineriedespreaux.be\/wp-content\/uploads\/2023\/09\/20230609_172225-1-768x432.jpg 768w, https:\/\/jardineriedespreaux.be\/wp-content\/uploads\/2023\/09\/20230609_172225-1-1536x864.jpg 1536w, https:\/\/jardineriedespreaux.be\/wp-content\/uploads\/2023\/09\/20230609_172225-1-2048x1152.jpg 2048w\" sizes=\"auto, (max-width: 1024px) 100vw, 1024px\" \/><\/figure>\n\n\n\n<figure class=\"wp-block-image size-large\"><img loading=\"lazy\" decoding=\"async\" width=\"1024\" height=\"576\" data-id=\"159\" src=\"https:\/\/jardineriedespreaux.be\/wp-content\/uploads\/2023\/09\/20230610_135332-1-1024x576.jpg\" alt=\"\" class=\"wp-image-159\" srcset=\"https:\/\/jardineriedespreaux.be\/wp-content\/uploads\/2023\/09\/20230610_135332-1-1024x576.jpg 1024w, https:\/\/jardineriedespreaux.be\/wp-content\/uploads\/2023\/09\/20230610_135332-1-300x169.jpg 300w, https:\/\/jardineriedespreaux.be\/wp-content\/uploads\/2023\/09\/20230610_135332-1-768x432.jpg 768w, https:\/\/jardineriedespreaux.be\/wp-content\/uploads\/2023\/09\/20230610_135332-1-1536x864.jpg 1536w, https:\/\/jardineriedespreaux.be\/wp-content\/uploads\/2023\/09\/20230610_135332-1-2048x1152.jpg 2048w\" sizes=\"auto, (max-width: 1024px) 100vw, 1024px\" \/><\/figure>\n<\/figure>\n\n\n\n<h2 class=\"wp-block-heading\">Poterie et d\u00e9coration ext\u00e9rieure<\/h2>\n\n\n\n<figure class=\"wp-block-gallery has-nested-images columns-default is-cropped wp-block-gallery-4 is-layout-flex wp-block-gallery-is-layout-flex\">\n<figure class=\"wp-block-image size-large\"><img loading=\"lazy\" decoding=\"async\" width=\"1024\" height=\"577\" data-id=\"162\" src=\"https:\/\/jardineriedespreaux.be\/wp-content\/uploads\/2023\/09\/20230516_115919_resized-1-1024x577.jpg\" alt=\"\" class=\"wp-image-162\" srcset=\"https:\/\/jardineriedespreaux.be\/wp-content\/uploads\/2023\/09\/20230516_115919_resized-1-1024x577.jpg 1024w, https:\/\/jardineriedespreaux.be\/wp-content\/uploads\/2023\/09\/20230516_115919_resized-1-300x169.jpg 300w, https:\/\/jardineriedespreaux.be\/wp-content\/uploads\/2023\/09\/20230516_115919_resized-1-768x432.jpg 768w, https:\/\/jardineriedespreaux.be\/wp-content\/uploads\/2023\/09\/20230516_115919_resized-1.jpg 1156w\" sizes=\"auto, (max-width: 1024px) 100vw, 1024px\" \/><\/figure>\n\n\n\n<figure class=\"wp-block-image size-large\"><img loading=\"lazy\" decoding=\"async\" width=\"577\" height=\"1024\" data-id=\"160\" src=\"https:\/\/jardineriedespreaux.be\/wp-content\/uploads\/2023\/09\/20230915_095907-1-577x1024.jpg\" alt=\"\" class=\"wp-image-160\" srcset=\"https:\/\/jardineriedespreaux.be\/wp-content\/uploads\/2023\/09\/20230915_095907-1-577x1024.jpg 577w, https:\/\/jardineriedespreaux.be\/wp-content\/uploads\/2023\/09\/20230915_095907-1-169x300.jpg 169w, https:\/\/jardineriedespreaux.be\/wp-content\/uploads\/2023\/09\/20230915_095907-1-768x1364.jpg 768w, https:\/\/jardineriedespreaux.be\/wp-content\/uploads\/2023\/09\/20230915_095907-1-865x1536.jpg 865w, https:\/\/jardineriedespreaux.be\/wp-content\/uploads\/2023\/09\/20230915_095907-1-1153x2048.jpg 1153w, https:\/\/jardineriedespreaux.be\/wp-content\/uploads\/2023\/09\/20230915_095907-1-scaled.jpg 1442w\" sizes=\"auto, (max-width: 577px) 100vw, 577px\" \/><\/figure>\n<\/figure>\n\n\n\n<h2 class=\"wp-block-heading\">Les plantes d&rsquo;int\u00e9rieurs <\/h2>\n\n\n\n<figure class=\"wp-block-gallery has-nested-images columns-default is-cropped wp-block-gallery-5 is-layout-flex wp-block-gallery-is-layout-flex\">\n<figure class=\"wp-block-image size-large\"><img loading=\"lazy\" decoding=\"async\" width=\"577\" height=\"1024\" data-id=\"170\" src=\"https:\/\/jardineriedespreaux.be\/wp-content\/uploads\/2023\/09\/20230722_101032-2-577x1024.jpg\" alt=\"\" class=\"wp-image-170\" srcset=\"https:\/\/jardineriedespreaux.be\/wp-content\/uploads\/2023\/09\/20230722_101032-2-577x1024.jpg 577w, https:\/\/jardineriedespreaux.be\/wp-content\/uploads\/2023\/09\/20230722_101032-2-169x300.jpg 169w, https:\/\/jardineriedespreaux.be\/wp-content\/uploads\/2023\/09\/20230722_101032-2-768x1364.jpg 768w, https:\/\/jardineriedespreaux.be\/wp-content\/uploads\/2023\/09\/20230722_101032-2-865x1536.jpg 865w, https:\/\/jardineriedespreaux.be\/wp-content\/uploads\/2023\/09\/20230722_101032-2-1153x2048.jpg 1153w, https:\/\/jardineriedespreaux.be\/wp-content\/uploads\/2023\/09\/20230722_101032-2-scaled.jpg 1442w\" sizes=\"auto, (max-width: 577px) 100vw, 577px\" \/><\/figure>\n\n\n\n<figure class=\"wp-block-image size-large\"><img loading=\"lazy\" decoding=\"async\" width=\"577\" height=\"1024\" data-id=\"171\" src=\"https:\/\/jardineriedespreaux.be\/wp-content\/uploads\/2023\/09\/20230722_101045-577x1024.jpg\" alt=\"\" class=\"wp-image-171\" srcset=\"https:\/\/jardineriedespreaux.be\/wp-content\/uploads\/2023\/09\/20230722_101045-577x1024.jpg 577w, https:\/\/jardineriedespreaux.be\/wp-content\/uploads\/2023\/09\/20230722_101045-169x300.jpg 169w, https:\/\/jardineriedespreaux.be\/wp-content\/uploads\/2023\/09\/20230722_101045-768x1364.jpg 768w, https:\/\/jardineriedespreaux.be\/wp-content\/uploads\/2023\/09\/20230722_101045-865x1536.jpg 865w, https:\/\/jardineriedespreaux.be\/wp-content\/uploads\/2023\/09\/20230722_101045-1153x2048.jpg 1153w, https:\/\/jardineriedespreaux.be\/wp-content\/uploads\/2023\/09\/20230722_101045-scaled.jpg 1442w\" sizes=\"auto, (max-width: 577px) 100vw, 577px\" \/><\/figure>\n<\/figure>\n","protected":false},"excerpt":{"rendered":"<p>La serre Semences Engrais et Terreaux Poterie et d\u00e9coration ext\u00e9rieure Les plantes d&rsquo;int\u00e9rieurs<\/p>\n","protected":false},"author":1,"featured_media":0,"parent":0,"menu_order":0,"comment_status":"closed","ping_status":"closed","template":"","meta":{"footnotes":""},"class_list":["post-42","page","type-page","status-publish","hentry"],"_links":{"self":[{"href":"https:\/\/jardineriedespreaux.be\/index.php?rest_route=\/wp\/v2\/pages\/42","targetHints":{"allow":["GET"]}}],"collection":[{"href":"https:\/\/jardineriedespreaux.be\/index.php?rest_route=\/wp\/v2\/pages"}],"about":[{"href":"https:\/\/jardineriedespreaux.be\/index.php?rest_route=\/wp\/v2\/types\/page"}],"author":[{"embeddable":true,"href":"https:\/\/jardineriedespreaux.be\/index.php?rest_route=\/wp\/v2\/users\/1"}],"replies":[{"embeddable":true,"href":"https:\/\/jardineriedespreaux.be\/index.php?rest_route=%2Fwp%2Fv2%2Fcomments&post=42"}],"version-history":[{"count":6,"href":"https:\/\/jardineriedespreaux.be\/index.php?rest_route=\/wp\/v2\/pages\/42\/revisions"}],"predecessor-version":[{"id":172,"href":"https:\/\/jardineriedespreaux.be\/index.php?rest_route=\/wp\/v2\/pages\/42\/revisions\/172"}],"wp:attachment":[{"href":"https:\/\/jardineriedespreaux.be\/index.php?rest_route=%2Fwp%2Fv2%2Fmedia&parent=42"}],"curies":[{"name":"wp","href":"https:\/\/api.w.org\/{rel}","templated":true}]}}